{"id":191,"date":"2025-03-07T18:49:26","date_gmt":"2025-03-07T18:49:26","guid":{"rendered":"https:\/\/logienter.com\/?page_id=191"},"modified":"2025-09-10T09:08:30","modified_gmt":"2025-09-10T09:08:30","slug":"calcula-tu-envio","status":"publish","type":"page","link":"https:\/\/logienter.com\/zh\/calcula-tu-envio\/","title":{"rendered":"\u8ba1\u7b97\u60a8\u7684\u8fd0\u8d39"},"content":{"rendered":"\t\t<div data-elementor-type=\"wp-page\" data-elementor-id=\"191\" class=\"elementor elementor-191\" data-elementor-post-type=\"page\">\n\t\t\t\t<div class=\"elementor-element elementor-element-a962153 e-flex e-con-boxed e-con e-parent\" data-id=\"a962153\" data-element_type=\"container\" data-e-type=\"container\" data-settings=\"{&quot;background_background&quot;:&quot;classic&quot;}\">\n\t\t\t\t\t<div class=\"e-con-inner\">\n\t\t\t\t<div class=\"elementor-element elementor-element-3b9bb64 elementor-widget__width-inherit elementor-invisible elementor-widget elementor-widget-heading\" data-id=\"3b9bb64\" data-element_type=\"widget\" data-e-type=\"widget\" data-settings=\"{&quot;_animation&quot;:&quot;fadeInUp&quot;,&quot;_animation_delay&quot;:200}\" data-widget_type=\"heading.default\">\n\t\t\t\t<div class=\"elementor-widget-container\">\n\t\t\t\t\t<h1 class=\"elementor-heading-title elementor-size-default\">Cotizar env\u00edo<\/h1>\t\t\t\t<\/div>\n\t\t\t\t<\/div>\n\t\t\t\t<div class=\"elementor-element elementor-element-3522e94 elementor-widget__width-inherit elementor-invisible elementor-widget elementor-widget-text-editor\" data-id=\"3522e94\" data-element_type=\"widget\" data-e-type=\"widget\" data-settings=\"{&quot;_animation&quot;:&quot;fadeInUp&quot;,&quot;_animation_delay&quot;:200}\" data-widget_type=\"text-editor.default\">\n\t\t\t\t<div class=\"elementor-widget-container\">\n\t\t\t\t\t\t\t\t\t<p>Llena todos los campos a continuaci\u00f3n para conocer el costo aproximado de env\u00edo de tu paquete.<\/p>\t\t\t\t\t\t\t\t<\/div>\n\t\t\t\t<\/div>\n\t\t\t\t<div class=\"elementor-element elementor-element-18867c2 elementor-widget__width-inherit elementor-invisible elementor-widget elementor-widget-heading\" data-id=\"18867c2\" data-element_type=\"widget\" data-e-type=\"widget\" data-settings=\"{&quot;_animation&quot;:&quot;fadeInUp&quot;,&quot;_animation_delay&quot;:200}\" data-widget_type=\"heading.default\">\n\t\t\t\t<div class=\"elementor-widget-container\">\n\t\t\t\t\t<h6 class=\"elementor-heading-title elementor-size-default\">Estoy enviando desde...<\/h6>\t\t\t\t<\/div>\n\t\t\t\t<\/div>\n\t\t<div class=\"elementor-element elementor-element-58a886e e-con-full e-flex e-con e-child\" data-id=\"58a886e\" data-element_type=\"container\" data-e-type=\"container\" data-settings=\"{&quot;background_background&quot;:&quot;classic&quot;,&quot;animation&quot;:&quot;none&quot;,&quot;animation_delay&quot;:2000}\">\n\t\t\t\t<div class=\"elementor-element elementor-element-3a35daf e-n-tabs-mobile elementor-widget elementor-widget-n-tabs\" data-id=\"3a35daf\" data-element_type=\"widget\" data-e-type=\"widget\" data-settings=\"{&quot;horizontal_scroll&quot;:&quot;disable&quot;}\" data-widget_type=\"nested-tabs.default\">\n\t\t\t\t<div class=\"elementor-widget-container\">\n\t\t\t\t\t\t\t<div class=\"e-n-tabs\" data-widget-number=\"61037999\" aria-label=\"\u6807\u7b7e\u9875\u7ec4\u4ef6\u64cd\u4f5c\u63d0\u793a\uff1a\u4f7f\u7528 Enter \u6216 Space \u952e\u6253\u5f00\u9879\u76ee\uff0c\u4f7f\u7528 Escape \u952e\u5173\u95ed\uff0c\u4f7f\u7528\u65b9\u5411\u952e\u8fdb\u884c\u5bfc\u822a\u3002\">\n\t\t\t<div class=\"e-n-tabs-heading\" role=\"tablist\">\n\t\t\t\t\t<button id=\"e-n-tab-title-610379991\" data-tab-title-id=\"e-n-tab-title-610379991\" class=\"e-n-tab-title\" aria-selected=\"true\" data-tab-index=\"1\" role=\"tab\" tabindex=\"0\" aria-controls=\"e-n-tab-content-610379991\" style=\"--n-tabs-title-order: 1;\">\n\t\t\t\t\t\t<span class=\"e-n-tab-title-text\">\n\t\t\t\tChina \ud83c\udde8\ud83c\uddf3 \t\t\t<\/span>\n\t\t<\/button>\n\t\t\t\t<button id=\"e-n-tab-title-610379992\" data-tab-title-id=\"e-n-tab-title-610379992\" class=\"e-n-tab-title\" aria-selected=\"false\" data-tab-index=\"2\" role=\"tab\" tabindex=\"-1\" aria-controls=\"e-n-tab-content-610379992\" style=\"--n-tabs-title-order: 2;\">\n\t\t\t\t\t\t<span class=\"e-n-tab-title-text\">\n\t\t\t\tUSA \ud83c\uddfa\ud83c\uddf8\t\t\t<\/span>\n\t\t<\/button>\n\t\t\t\t\t<\/div>\n\t\t\t<div class=\"e-n-tabs-content\">\n\t\t\t\t<div id=\"e-n-tab-content-610379991\" role=\"tabpanel\" aria-labelledby=\"e-n-tab-title-610379991\" data-tab-index=\"1\" style=\"--n-tabs-title-order: 1;\" class=\"e-active elementor-element elementor-element-173d04e e-flex e-con-boxed e-con e-child\" data-id=\"173d04e\" data-element_type=\"container\" data-e-type=\"container\">\n\t\t\t\t\t<div class=\"e-con-inner\">\n\t\t\t\t<div class=\"elementor-element elementor-element-3448a63 elementor-widget elementor-widget-stm_calc\" data-id=\"3448a63\" data-element_type=\"widget\" data-e-type=\"widget\" data-widget_type=\"stm_calc.default\">\n\t\t\t\t<div class=\"elementor-widget-container\">\n\t\t\t\t\t<script type=\"text\/javascript\">window[\"ccb_front_template_1099\"] = [];<\/script>\n<div class=\"ccb-main-widget \" id=\"ccb_app_1099\" data-calc-id=\"1099\"><\/div>\n\t\t\t\t<\/div>\n\t\t\t\t<\/div>\n\t\t\t\t\t<\/div>\n\t\t\t\t<\/div>\n\t\t<div id=\"e-n-tab-content-610379992\" role=\"tabpanel\" aria-labelledby=\"e-n-tab-title-610379992\" data-tab-index=\"2\" style=\"--n-tabs-title-order: 2;\" class=\" elementor-element elementor-element-baae7b3 e-con-full e-flex e-con e-child\" data-id=\"baae7b3\" data-element_type=\"container\" data-e-type=\"container\">\n\t\t\t\t<div class=\"elementor-element elementor-element-f17a24f elementor-widget elementor-widget-stm_calc\" data-id=\"f17a24f\" data-element_type=\"widget\" data-e-type=\"widget\" data-widget_type=\"stm_calc.default\">\n\t\t\t\t<div class=\"elementor-widget-container\">\n\t\t\t\t\t<script type=\"text\/javascript\">window[\"ccb_front_template_1100\"] = [];<\/script>\n<div class=\"ccb-main-widget \" id=\"ccb_app_1100\" data-calc-id=\"1100\"><\/div>\n\t\t\t\t<\/div>\n\t\t\t\t<\/div>\n\t\t\t\t<\/div>\n\t\t\t\t\t<\/div>\n\t\t<\/div>\n\t\t\t\t\t\t<\/div>\n\t\t\t\t<\/div>\n\t\t\t\t<\/div>\n\t\t\t\t\t<\/div>\n\t\t\t\t<\/div>\n\t\t<div class=\"elementor-element elementor-element-d3717ca e-flex e-con-boxed e-con e-parent\" data-id=\"d3717ca\" data-element_type=\"container\" data-e-type=\"container\">\n\t\t\t\t\t<div class=\"e-con-inner\">\n\t\t\t\t\t<\/div>\n\t\t\t\t<\/div>\n\t\t\t\t<\/div>\n\t\t","protected":false},"excerpt":{"rendered":"<p>Cotizar env\u00edo Llena todos los campos a continuaci\u00f3n para conocer el costo aproximado de env\u00edo de tu paquete. Estoy enviando desde&#8230; China \ud83c\udde8\ud83c\uddf3 USA \ud83c\uddfa\ud83c\uddf8<\/p>","protected":false},"author":1,"featured_media":0,"parent":0,"menu_order":0,"comment_status":"closed","ping_status":"closed","template":"elementor_header_footer","meta":{"_mi_skip_tracking":false,"_joinchat":[],"footnotes":""},"class_list":["post-191","page","type-page","status-publish","hentry"],"_links":{"self":[{"href":"https:\/\/logienter.com\/zh\/wp-json\/wp\/v2\/pages\/191","targetHints":{"allow":["GET"]}}],"collection":[{"href":"https:\/\/logienter.com\/zh\/wp-json\/wp\/v2\/pages"}],"about":[{"href":"https:\/\/logienter.com\/zh\/wp-json\/wp\/v2\/types\/page"}],"author":[{"embeddable":true,"href":"https:\/\/logienter.com\/zh\/wp-json\/wp\/v2\/users\/1"}],"replies":[{"embeddable":true,"href":"https:\/\/logienter.com\/zh\/wp-json\/wp\/v2\/comments?post=191"}],"version-history":[{"count":74,"href":"https:\/\/logienter.com\/zh\/wp-json\/wp\/v2\/pages\/191\/revisions"}],"predecessor-version":[{"id":1107,"href":"https:\/\/logienter.com\/zh\/wp-json\/wp\/v2\/pages\/191\/revisions\/1107"}],"wp:attachment":[{"href":"https:\/\/logienter.com\/zh\/wp-json\/wp\/v2\/media?parent=191"}],"curies":[{"name":"wp","href":"https:\/\/api.w.org\/{rel}","templated":true}]}}